{"id":860,"date":"2025-08-05T09:05:59","date_gmt":"2025-08-05T07:05:59","guid":{"rendered":"https:\/\/carolinadiazruiz.com\/?page_id=860"},"modified":"2025-08-19T11:40:49","modified_gmt":"2025-08-19T09:40:49","slug":"grupo-terapeutico","status":"publish","type":"page","link":"https:\/\/carolinadiazruiz.com\/en\/grupo-terapeutico\/","title":{"rendered":"Therapeutic group"},"content":{"rendered":"<div data-elementor-type=\"wp-page\" data-elementor-id=\"860\" class=\"elementor elementor-860\" data-elementor-post-type=\"page\">\n\t\t\t\t<div class=\"elementor-element elementor-element-1b6d2072 e-flex e-con-boxed e-con e-parent\" data-id=\"1b6d2072\" data-element_type=\"container\" data-e-type=\"container\" data-settings=\"{&quot;background_background&quot;:&quot;classic&quot;}\">\n\t\t\t\t\t<div class=\"e-con-inner\">\n\t\t<div class=\"elementor-element elementor-element-23c1fb1 e-flex e-con-boxed e-con e-child\" data-id=\"23c1fb1\" data-element_type=\"container\" data-e-type=\"container\">\n\t\t\t\t\t<div class=\"e-con-inner\">\n\t\t\t\t<div class=\"elementor-element elementor-element-32dff03d elementor-widget elementor-widget-heading\" data-id=\"32dff03d\" data-element_type=\"widget\" data-e-type=\"widget\" data-widget_type=\"heading.default\">\n\t\t\t\t<div class=\"elementor-widget-container\">\n\t\t\t\t\t<h1 class=\"elementor-heading-title elementor-size-default\">Therapeutic group<\/h1>\t\t\t\t<\/div>\n\t\t\t\t<\/div>\n\t\t\t\t\t<\/div>\n\t\t\t\t<\/div>\n\t\t\t\t\t<\/div>\n\t\t\t\t<\/div>\n\t\t<div class=\"elementor-element elementor-element-50d1972 e-con-full e-flex e-con e-parent\" data-id=\"50d1972\" data-element_type=\"container\" data-e-type=\"container\">\n\t\t<div class=\"elementor-element elementor-element-20570bd e-flex e-con-boxed e-con e-child\" data-id=\"20570bd\" data-element_type=\"container\" data-e-type=\"container\" data-settings=\"{&quot;background_background&quot;:&quot;classic&quot;}\">\n\t\t\t\t\t<div class=\"e-con-inner\">\n\t\t\t\t\t<\/div>\n\t\t\t\t<\/div>\n\t\t<div class=\"elementor-element elementor-element-71b4cbf4 e-flex e-con-boxed e-con e-child\" data-id=\"71b4cbf4\" data-element_type=\"container\" data-e-type=\"container\" data-settings=\"{&quot;background_background&quot;:&quot;classic&quot;}\">\n\t\t\t\t\t<div class=\"e-con-inner\">\n\t\t<div class=\"elementor-element elementor-element-44c17b7 e-con-full e-flex e-con e-child\" data-id=\"44c17b7\" data-element_type=\"container\" data-e-type=\"container\">\n\t\t\t\t<div class=\"elementor-element elementor-element-2804a426 elementor-widget elementor-widget-heading\" data-id=\"2804a426\" data-element_type=\"widget\" data-e-type=\"widget\" data-widget_type=\"heading.default\">\n\t\t\t\t<div class=\"elementor-widget-container\">\n\t\t\t\t\t<div class=\"elementor-heading-title elementor-size-default\">\ud83d\udd8b\ufe0f Write to see(yourself), see to write(yourself)<\/div>\t\t\t\t<\/div>\n\t\t\t\t<\/div>\n\t\t\t\t<div class=\"elementor-element elementor-element-78fd0b22 elementor-widget elementor-widget-heading\" data-id=\"78fd0b22\" data-element_type=\"widget\" data-e-type=\"widget\" data-widget_type=\"heading.default\">\n\t\t\t\t<div class=\"elementor-widget-container\">\n\t\t\t\t\t<h2 class=\"elementor-heading-title elementor-size-default\">Therapeutic Group: &quot;Words in Motion&quot;<\/h2>\t\t\t\t<\/div>\n\t\t\t\t<\/div>\n\t\t\t\t<div class=\"elementor-element elementor-element-199b3241 elementor-widget elementor-widget-text-editor\" data-id=\"199b3241\" data-element_type=\"widget\" data-e-type=\"widget\" data-widget_type=\"text-editor.default\">\n\t\t\t\t<div class=\"elementor-widget-container\">\n\t\t\t\t\t\t\t\t\t<p style=\"font-weight: 400;\"><strong>Exploring what we feel is not always easy.<\/strong> Sometimes our emotions seem too complex to express clearly. But the truth is, when we give them space, something inside us begins to move.<\/p><p style=\"font-weight: 400;\">That&#039;s why I created this <strong>cluster<\/strong>, an intimate space where we combine two powerful tools: <strong>therapeutic writing and reflection through film<\/strong>It is a mix between <strong>Keeping an emotional diary, a film club, deep conversations and reflection exercises<\/strong>A place where words and stories become mirrors to help us understand ourselves better.<\/p><h3><strong>How does it work?<\/strong><\/h3><ul><li>Are <strong>4-session cycles<\/strong>, each focused on a central theme (self-knowledge, emotional management, uncertainty, etc.).<\/li><li>We alternate exercises of <strong>therapeutic writing<\/strong> with sessions of <strong>film club<\/strong> where we analyze films that help us explore our own emotions.<\/li><li>These are online meetings, but live and without recordings, so you can express yourself without fear or judgment.<\/li><li>The groups are small to foster trust and participation.<\/li><\/ul><h3><strong>Who is this space for?<\/strong><\/h3><p style=\"font-weight: 400;\">\u2714 \ufe0f If you feel like you&#039;re having a hard time processing what you&#039;re feeling and need a place to explore it.<br \/>\u2714 \ufe0f If you enjoy writing as a way of letting off steam and discovering yourself.<br \/>\u2714\ufe0f If stories (movies, books, short stories) have been part of your emotional life and you want to analyze them more deeply.<br \/>\u2714\ufe0f If you want to be part of a community of people who are also looking to connect with themselves from an authentic, pressure-free place.<\/p><h3><strong>What will you find at the meetings?<\/strong><\/h3><p style=\"font-weight: 400;\"><strong>Therapeutic Writing<\/strong> \u2192 Guided exercises to put thoughts and emotions into words.\u00a0<\/p><p style=\"font-weight: 400;\"><strong>Film Club <\/strong>\u2192 Reflection on films that help us understand ourselves better once a cycle.\u00a0<\/p><p style=\"font-weight: 400;\"><strong>Conversation and Community Space<\/strong> \u2192 A place to share (if you want) and connect with others in the process.<\/p><h3><strong>Modality and Access<\/strong><\/h3><p style=\"font-weight: 400;\"><strong>Online and live<\/strong><br \/>\u00a0<strong>Cycles of 4 sessions<\/strong> (one per week).<br \/>\u00a0<strong>Small group<\/strong> to maintain a close and safe environment.<br \/>\u00a0<strong>Cost:<\/strong> 40 Euros per cycle, that is, 10 Euros per meeting.<\/p><h3><strong>Would you like to be part of this journey?<\/strong><\/h3><p style=\"font-weight: 400;\">Registration is open for the next cycle. If you feel this space is right for you, you can reserve your spot here:\u00a0<\/p>\t\t\t\t\t\t\t\t<\/div>\n\t\t\t\t<\/div>\n\t\t<div class=\"elementor-element elementor-element-7571aa42 e-con-full e-flex e-con e-child\" data-id=\"7571aa42\" data-element_type=\"container\" data-e-type=\"container\">\n\t\t<div class=\"elementor-element elementor-element-3714264f e-con-full e-flex e-con e-child\" data-id=\"3714264f\" data-element_type=\"container\" data-e-type=\"container\">\n\t\t\t\t<div class=\"elementor-element elementor-element-7a020e0 elementor-tablet-align-right elementor-mobile-align-center elementor-widget elementor-widget-button\" data-id=\"7a020e0\" data-element_type=\"widget\" data-e-type=\"widget\" data-widget_type=\"button.default\">\n\t\t\t\t<div class=\"elementor-widget-container\">\n\t\t\t\t\t\t\t\t\t<div class=\"elementor-button-wrapper\">\n\t\t\t\t\t<a class=\"elementor-button elementor-button-link elementor-size-sm\" href=\"https:\/\/carolinadiazruiz.com\/en\/contacto\/\">\n\t\t\t\t\t\t<span class=\"elementor-button-content-wrapper\">\n\t\t\t\t\t\t\t\t\t<span class=\"elementor-button-text\">Join the group<\/span>\n\t\t\t\t\t<\/span>\n\t\t\t\t\t<\/a>\n\t\t\t\t<\/div>\n\t\t\t\t\t\t\t\t<\/div>\n\t\t\t\t<\/div>\n\t\t\t\t<\/div>\n\t\t<div class=\"elementor-element elementor-element-55971df4 e-con-full e-flex e-con e-child\" data-id=\"55971df4\" data-element_type=\"container\" data-e-type=\"container\">\n\t\t\t\t<div class=\"elementor-element elementor-element-7ddb5aee elementor-widget elementor-widget-image\" data-id=\"7ddb5aee\" data-element_type=\"widget\" data-e-type=\"widget\" data-widget_type=\"image.default\">\n\t\t\t\t<div class=\"elementor-widget-container\">\n\t\t\t\t\t\t\t\t\t\t\t\t\t\t\t<img fetchpriority=\"high\" decoding=\"async\" width=\"356\" height=\"235\" src=\"https:\/\/carolinadiazruiz.com\/wp-content\/uploads\/2025\/08\/image-e1754378361273.png\" class=\"attachment-full size-full wp-image-871\" alt=\"Carolina D\u00edaz\" srcset=\"https:\/\/carolinadiazruiz.com\/wp-content\/uploads\/2025\/08\/image-e1754378361273.png 356w, https:\/\/carolinadiazruiz.com\/wp-content\/uploads\/2025\/08\/image-e1754378361273-300x198.png 300w, https:\/\/carolinadiazruiz.com\/wp-content\/uploads\/2025\/08\/image-e1754378361273-18x12.png 18w\" sizes=\"(max-width: 356px) 100vw, 356px\" \/>\t\t\t\t\t\t\t\t\t\t\t\t\t\t\t<\/div>\n\t\t\t\t<\/div>\n\t\t\t\t<div class=\"elementor-element elementor-element-20849c8e elementor-widget elementor-widget-heading\" data-id=\"20849c8e\" data-element_type=\"widget\" data-e-type=\"widget\" data-widget_type=\"heading.default\">\n\t\t\t\t<div class=\"elementor-widget-container\">\n\t\t\t\t\t<div class=\"elementor-heading-title elementor-size-default\">Psychologist<\/div>\t\t\t\t<\/div>\n\t\t\t\t<\/div>\n\t\t\t\t<\/div>\n\t\t\t\t<\/div>\n\t\t\t\t<\/div>\n\t\t\t\t\t<\/div>\n\t\t\t\t<\/div>\n\t\t\t\t<\/div>\n\t\t\t\t<\/div>","protected":false},"excerpt":{"rendered":"<p>\ud83d\udd8b\ufe0f Escribir para ver(se), ver para escribir(se) Grupo Terape\u00fatico: \u00abPalabras en movimiento\u00bb Explorar lo que sentimos no siempre es f\u00e1cil. A veces, nuestras emociones parecen demasiado complejas como para expresarlas con claridad. Pero la verdad es que, cuando les damos un espacio, algo dentro de nosotros comienza a moverse. Por eso he creado este grupo, [&hellip;]<\/p>\n","protected":false},"author":1,"featured_media":0,"parent":0,"menu_order":5,"comment_status":"closed","ping_status":"closed","template":"","meta":{"_joinchat":[],"footnotes":""},"class_list":["post-860","page","type-page","status-publish","hentry"],"yoast_head":"<!-- This site is optimized with the Yoast SEO plugin v27.4 - https:\/\/yoast.com\/product\/yoast-seo-wordpress\/ -->\n<title>Grupo terap\u00e9utico - Carolina D\u00edaz Ruiz Psic\u00f3loga<\/title>\n<meta name=\"description\" content=\"Participa en un grupo terap\u00e9utico online. Comparte, conecta y crece acompa\u00f1ado de otras personas que atraviesan procesos similares.\" \/>\n<meta name=\"robots\" content=\"index, follow, max-snippet:-1, max-image-preview:large, max-video-preview:-1\" \/>\n<link rel=\"canonical\" href=\"https:\/\/carolinadiazruiz.com\/en\/grupo-terapeutico\/\" \/>\n<meta property=\"og:locale\" content=\"en_US\" \/>\n<meta property=\"og:type\" content=\"article\" \/>\n<meta property=\"og:title\" content=\"Grupo terap\u00e9utico - Carolina D\u00edaz Ruiz Psic\u00f3loga\" \/>\n<meta property=\"og:description\" content=\"Participa en un grupo terap\u00e9utico online. Comparte, conecta y crece acompa\u00f1ado de otras personas que atraviesan procesos similares.\" \/>\n<meta property=\"og:url\" content=\"https:\/\/carolinadiazruiz.com\/en\/grupo-terapeutico\/\" \/>\n<meta property=\"og:site_name\" content=\"Carolina D\u00edaz Ruiz Psic\u00f3loga\" \/>\n<meta property=\"article:modified_time\" content=\"2025-08-19T09:40:49+00:00\" \/>\n<meta property=\"og:image\" content=\"https:\/\/carolinadiazruiz.com\/wp-content\/uploads\/2025\/08\/image-e1754378361273.png\" \/>\n<meta name=\"twitter:card\" content=\"summary_large_image\" \/>\n<script type=\"application\/ld+json\" class=\"yoast-schema-graph\">{\"@context\":\"https:\\\/\\\/schema.org\",\"@graph\":[{\"@type\":\"WebPage\",\"@id\":\"https:\\\/\\\/carolinadiazruiz.com\\\/grupo-terapeutico\\\/\",\"url\":\"https:\\\/\\\/carolinadiazruiz.com\\\/grupo-terapeutico\\\/\",\"name\":\"Grupo terap\u00e9utico - Carolina D\u00edaz Ruiz Psic\u00f3loga\",\"isPartOf\":{\"@id\":\"https:\\\/\\\/carolinadiazruiz.com\\\/#website\"},\"primaryImageOfPage\":{\"@id\":\"https:\\\/\\\/carolinadiazruiz.com\\\/grupo-terapeutico\\\/#primaryimage\"},\"image\":{\"@id\":\"https:\\\/\\\/carolinadiazruiz.com\\\/grupo-terapeutico\\\/#primaryimage\"},\"thumbnailUrl\":\"https:\\\/\\\/carolinadiazruiz.com\\\/wp-content\\\/uploads\\\/2025\\\/08\\\/image-e1754378361273.png\",\"datePublished\":\"2025-08-05T07:05:59+00:00\",\"dateModified\":\"2025-08-19T09:40:49+00:00\",\"description\":\"Participa en un grupo terap\u00e9utico online. Comparte, conecta y crece acompa\u00f1ado de otras personas que atraviesan procesos similares.\",\"breadcrumb\":{\"@id\":\"https:\\\/\\\/carolinadiazruiz.com\\\/grupo-terapeutico\\\/#breadcrumb\"},\"inLanguage\":\"en-US\",\"potentialAction\":[{\"@type\":\"ReadAction\",\"target\":[\"https:\\\/\\\/carolinadiazruiz.com\\\/grupo-terapeutico\\\/\"]}]},{\"@type\":\"ImageObject\",\"inLanguage\":\"en-US\",\"@id\":\"https:\\\/\\\/carolinadiazruiz.com\\\/grupo-terapeutico\\\/#primaryimage\",\"url\":\"https:\\\/\\\/carolinadiazruiz.com\\\/wp-content\\\/uploads\\\/2025\\\/08\\\/image-e1754378361273.png\",\"contentUrl\":\"https:\\\/\\\/carolinadiazruiz.com\\\/wp-content\\\/uploads\\\/2025\\\/08\\\/image-e1754378361273.png\"},{\"@type\":\"BreadcrumbList\",\"@id\":\"https:\\\/\\\/carolinadiazruiz.com\\\/grupo-terapeutico\\\/#breadcrumb\",\"itemListElement\":[{\"@type\":\"ListItem\",\"position\":1,\"name\":\"Inicio\",\"item\":\"https:\\\/\\\/carolinadiazruiz.com\\\/\"},{\"@type\":\"ListItem\",\"position\":2,\"name\":\"Grupo terap\u00e9utico\"}]},{\"@type\":\"WebSite\",\"@id\":\"https:\\\/\\\/carolinadiazruiz.com\\\/#website\",\"url\":\"https:\\\/\\\/carolinadiazruiz.com\\\/\",\"name\":\"Carolina D\u00edaz Ruiz Psic\u00f3loga\",\"description\":\"Psic\u00f3loga online - Terapia online\",\"publisher\":{\"@id\":\"https:\\\/\\\/carolinadiazruiz.com\\\/#organization\"},\"potentialAction\":[{\"@type\":\"SearchAction\",\"target\":{\"@type\":\"EntryPoint\",\"urlTemplate\":\"https:\\\/\\\/carolinadiazruiz.com\\\/?s={search_term_string}\"},\"query-input\":{\"@type\":\"PropertyValueSpecification\",\"valueRequired\":true,\"valueName\":\"search_term_string\"}}],\"inLanguage\":\"en-US\"},{\"@type\":\"Organization\",\"@id\":\"https:\\\/\\\/carolinadiazruiz.com\\\/#organization\",\"name\":\"Carolina D\u00edaz Ruiz Psic\u00f3loga\",\"url\":\"https:\\\/\\\/carolinadiazruiz.com\\\/\",\"logo\":{\"@type\":\"ImageObject\",\"inLanguage\":\"en-US\",\"@id\":\"https:\\\/\\\/carolinadiazruiz.com\\\/#\\\/schema\\\/logo\\\/image\\\/\",\"url\":\"https:\\\/\\\/carolinadiazruiz.com\\\/wp-content\\\/uploads\\\/2025\\\/07\\\/01_Logo.png\",\"contentUrl\":\"https:\\\/\\\/carolinadiazruiz.com\\\/wp-content\\\/uploads\\\/2025\\\/07\\\/01_Logo.png\",\"width\":1619,\"height\":570,\"caption\":\"Carolina D\u00edaz Ruiz Psic\u00f3loga\"},\"image\":{\"@id\":\"https:\\\/\\\/carolinadiazruiz.com\\\/#\\\/schema\\\/logo\\\/image\\\/\"},\"sameAs\":[\"https:\\\/\\\/www.instagram.com\\\/carolinadiaz.psicologa\\\/\",\"https:\\\/\\\/www.linkedin.com\\\/in\\\/carolina-diaz-ruiz\\\/\"]}]}<\/script>\n<!-- \/ Yoast SEO plugin. -->","yoast_head_json":{"title":"Therapeutic group - Carolina D\u00edaz Ruiz, Psychologist","description":"Participate in an online therapy group. Share, connect, and grow with others going through similar journeys.","robots":{"index":"index","follow":"follow","max-snippet":"max-snippet:-1","max-image-preview":"max-image-preview:large","max-video-preview":"max-video-preview:-1"},"canonical":"https:\/\/carolinadiazruiz.com\/en\/grupo-terapeutico\/","og_locale":"en_US","og_type":"article","og_title":"Grupo terap\u00e9utico - Carolina D\u00edaz Ruiz Psic\u00f3loga","og_description":"Participa en un grupo terap\u00e9utico online. Comparte, conecta y crece acompa\u00f1ado de otras personas que atraviesan procesos similares.","og_url":"https:\/\/carolinadiazruiz.com\/en\/grupo-terapeutico\/","og_site_name":"Carolina D\u00edaz Ruiz Psic\u00f3loga","article_modified_time":"2025-08-19T09:40:49+00:00","og_image":[{"url":"https:\/\/carolinadiazruiz.com\/wp-content\/uploads\/2025\/08\/image-e1754378361273.png","type":"","width":"","height":""}],"twitter_card":"summary_large_image","schema":{"@context":"https:\/\/schema.org","@graph":[{"@type":"WebPage","@id":"https:\/\/carolinadiazruiz.com\/grupo-terapeutico\/","url":"https:\/\/carolinadiazruiz.com\/grupo-terapeutico\/","name":"Therapeutic group - Carolina D\u00edaz Ruiz, Psychologist","isPartOf":{"@id":"https:\/\/carolinadiazruiz.com\/#website"},"primaryImageOfPage":{"@id":"https:\/\/carolinadiazruiz.com\/grupo-terapeutico\/#primaryimage"},"image":{"@id":"https:\/\/carolinadiazruiz.com\/grupo-terapeutico\/#primaryimage"},"thumbnailUrl":"https:\/\/carolinadiazruiz.com\/wp-content\/uploads\/2025\/08\/image-e1754378361273.png","datePublished":"2025-08-05T07:05:59+00:00","dateModified":"2025-08-19T09:40:49+00:00","description":"Participate in an online therapy group. Share, connect, and grow with others going through similar journeys.","breadcrumb":{"@id":"https:\/\/carolinadiazruiz.com\/grupo-terapeutico\/#breadcrumb"},"inLanguage":"en-US","potentialAction":[{"@type":"ReadAction","target":["https:\/\/carolinadiazruiz.com\/grupo-terapeutico\/"]}]},{"@type":"ImageObject","inLanguage":"en-US","@id":"https:\/\/carolinadiazruiz.com\/grupo-terapeutico\/#primaryimage","url":"https:\/\/carolinadiazruiz.com\/wp-content\/uploads\/2025\/08\/image-e1754378361273.png","contentUrl":"https:\/\/carolinadiazruiz.com\/wp-content\/uploads\/2025\/08\/image-e1754378361273.png"},{"@type":"BreadcrumbList","@id":"https:\/\/carolinadiazruiz.com\/grupo-terapeutico\/#breadcrumb","itemListElement":[{"@type":"ListItem","position":1,"name":"Inicio","item":"https:\/\/carolinadiazruiz.com\/"},{"@type":"ListItem","position":2,"name":"Grupo terap\u00e9utico"}]},{"@type":"WebSite","@id":"https:\/\/carolinadiazruiz.com\/#website","url":"https:\/\/carolinadiazruiz.com\/","name":"Carolina D\u00edaz Ruiz Psychologist","description":"Online psychologist - Online therapy","publisher":{"@id":"https:\/\/carolinadiazruiz.com\/#organization"},"potentialAction":[{"@type":"SearchAction","target":{"@type":"EntryPoint","urlTemplate":"https:\/\/carolinadiazruiz.com\/?s={search_term_string}"},"query-input":{"@type":"PropertyValueSpecification","valueRequired":true,"valueName":"search_term_string"}}],"inLanguage":"en-US"},{"@type":"Organization","@id":"https:\/\/carolinadiazruiz.com\/#organization","name":"Carolina D\u00edaz Ruiz Psychologist","url":"https:\/\/carolinadiazruiz.com\/","logo":{"@type":"ImageObject","inLanguage":"en-US","@id":"https:\/\/carolinadiazruiz.com\/#\/schema\/logo\/image\/","url":"https:\/\/carolinadiazruiz.com\/wp-content\/uploads\/2025\/07\/01_Logo.png","contentUrl":"https:\/\/carolinadiazruiz.com\/wp-content\/uploads\/2025\/07\/01_Logo.png","width":1619,"height":570,"caption":"Carolina D\u00edaz Ruiz Psic\u00f3loga"},"image":{"@id":"https:\/\/carolinadiazruiz.com\/#\/schema\/logo\/image\/"},"sameAs":["https:\/\/www.instagram.com\/carolinadiaz.psicologa\/","https:\/\/www.linkedin.com\/in\/carolina-diaz-ruiz\/"]}]}},"_links":{"self":[{"href":"https:\/\/carolinadiazruiz.com\/en\/wp-json\/wp\/v2\/pages\/860","targetHints":{"allow":["GET"]}}],"collection":[{"href":"https:\/\/carolinadiazruiz.com\/en\/wp-json\/wp\/v2\/pages"}],"about":[{"href":"https:\/\/carolinadiazruiz.com\/en\/wp-json\/wp\/v2\/types\/page"}],"author":[{"embeddable":true,"href":"https:\/\/carolinadiazruiz.com\/en\/wp-json\/wp\/v2\/users\/1"}],"replies":[{"embeddable":true,"href":"https:\/\/carolinadiazruiz.com\/en\/wp-json\/wp\/v2\/comments?post=860"}],"version-history":[{"count":20,"href":"https:\/\/carolinadiazruiz.com\/en\/wp-json\/wp\/v2\/pages\/860\/revisions"}],"predecessor-version":[{"id":1349,"href":"https:\/\/carolinadiazruiz.com\/en\/wp-json\/wp\/v2\/pages\/860\/revisions\/1349"}],"wp:attachment":[{"href":"https:\/\/carolinadiazruiz.com\/en\/wp-json\/wp\/v2\/media?parent=860"}],"curies":[{"name":"wp","href":"https:\/\/api.w.org\/{rel}","templated":true}]}}