{"id":858,"date":"2025-08-05T09:05:33","date_gmt":"2025-08-05T07:05:33","guid":{"rendered":"https:\/\/carolinadiazruiz.com\/?page_id=858"},"modified":"2025-08-19T11:40:35","modified_gmt":"2025-08-19T09:40:35","slug":"terapia-de-sentido-y-proposito","status":"publish","type":"page","link":"https:\/\/carolinadiazruiz.com\/en\/terapia-de-sentido-y-proposito\/","title":{"rendered":"Meaning and Purpose Therapy"},"content":{"rendered":"<div data-elementor-type=\"wp-page\" data-elementor-id=\"858\" class=\"elementor elementor-858\" data-elementor-post-type=\"page\">\n\t\t\t\t<div class=\"elementor-element elementor-element-5cb695e6 e-flex e-con-boxed e-con e-parent\" data-id=\"5cb695e6\" data-element_type=\"container\" data-e-type=\"container\" data-settings=\"{&quot;background_background&quot;:&quot;classic&quot;}\">\n\t\t\t\t\t<div class=\"e-con-inner\">\n\t\t<div class=\"elementor-element elementor-element-2064461d e-flex e-con-boxed e-con e-child\" data-id=\"2064461d\" data-element_type=\"container\" data-e-type=\"container\">\n\t\t\t\t\t<div class=\"e-con-inner\">\n\t\t\t\t<div class=\"elementor-element elementor-element-91d3fbd elementor-widget elementor-widget-heading\" data-id=\"91d3fbd\" data-element_type=\"widget\" data-e-type=\"widget\" data-widget_type=\"heading.default\">\n\t\t\t\t<div class=\"elementor-widget-container\">\n\t\t\t\t\t<h1 class=\"elementor-heading-title elementor-size-default\">Meaning and Purpose Therapy<\/h1>\t\t\t\t<\/div>\n\t\t\t\t<\/div>\n\t\t\t\t\t<\/div>\n\t\t\t\t<\/div>\n\t\t\t\t\t<\/div>\n\t\t\t\t<\/div>\n\t\t<div class=\"elementor-element elementor-element-7a71283f e-con-full e-flex e-con e-parent\" data-id=\"7a71283f\" data-element_type=\"container\" data-e-type=\"container\">\n\t\t<div class=\"elementor-element elementor-element-b1d90e4 e-flex e-con-boxed e-con e-child\" data-id=\"b1d90e4\" data-element_type=\"container\" data-e-type=\"container\" data-settings=\"{&quot;background_background&quot;:&quot;classic&quot;}\">\n\t\t\t\t\t<div class=\"e-con-inner\">\n\t\t\t\t\t<\/div>\n\t\t\t\t<\/div>\n\t\t<div class=\"elementor-element elementor-element-722fb00b e-flex e-con-boxed e-con e-child\" data-id=\"722fb00b\" data-element_type=\"container\" data-e-type=\"container\" data-settings=\"{&quot;background_background&quot;:&quot;classic&quot;}\">\n\t\t\t\t\t<div class=\"e-con-inner\">\n\t\t<div class=\"elementor-element elementor-element-d4fa0d9 e-con-full e-flex e-con e-child\" data-id=\"d4fa0d9\" data-element_type=\"container\" data-e-type=\"container\">\n\t\t\t\t<div class=\"elementor-element elementor-element-6d24aaa7 elementor-widget elementor-widget-heading\" data-id=\"6d24aaa7\" data-element_type=\"widget\" data-e-type=\"widget\" data-widget_type=\"heading.default\">\n\t\t\t\t<div class=\"elementor-widget-container\">\n\t\t\t\t\t<div class=\"elementor-heading-title elementor-size-default\">\ud83d\udcbb Meaning and direction to your life.<\/div>\t\t\t\t<\/div>\n\t\t\t\t<\/div>\n\t\t\t\t<div class=\"elementor-element elementor-element-2fb10330 elementor-widget elementor-widget-heading\" data-id=\"2fb10330\" data-element_type=\"widget\" data-e-type=\"widget\" data-widget_type=\"heading.default\">\n\t\t\t\t<div class=\"elementor-widget-container\">\n\t\t\t\t\t<h2 class=\"elementor-heading-title elementor-size-default\">Therapy for living with intention and clarity<\/h2>\t\t\t\t<\/div>\n\t\t\t\t<\/div>\n\t\t\t\t<div class=\"elementor-element elementor-element-2bd6537c elementor-widget elementor-widget-text-editor\" data-id=\"2bd6537c\" data-element_type=\"widget\" data-e-type=\"widget\" data-widget_type=\"text-editor.default\">\n\t\t\t\t<div class=\"elementor-widget-container\">\n\t\t\t\t\t\t\t\t\t<p style=\"font-weight: 400;\"><strong><em>&quot;The purpose of life is a life with purpose.&quot; \u2013 Robert Byrne<\/em><\/strong><\/p><p style=\"font-weight: 400;\"><strong>\u00a0<\/strong><\/p><p style=\"font-weight: 400;\"><strong>Do you feel like you&#039;re on pause?<\/strong><\/p><p style=\"font-weight: 400;\">Sometimes life moves forward without us feeling like we&#039;re really living. We ask ourselves profound questions:<\/p><p style=\"font-weight: 400;\">Is this all?<\/p><p style=\"font-weight: 400;\">Am I going in the right direction?<\/p><p style=\"font-weight: 400;\">Do I follow my own path or the one others expect of me?<\/p><p style=\"font-weight: 400;\">If you find yourself at this point, you&#039;re not alone. Uncertainty isn&#039;t a mistake, but rather a sign that something inside you is asking for more clarity, more authenticity, more meaning.<\/p><p style=\"font-weight: 400;\"><strong>\u00a0<\/strong><\/p><p style=\"font-weight: 400;\"><strong>A space to find your own path<\/strong><\/p><p style=\"font-weight: 400;\">My job isn&#039;t to give you quick answers or formulas for how to live your life, but to accompany you on a profound journey of self-discovery. We&#039;ll explore what moves you, what holds you back, and what makes you feel truly alive.<\/p><p style=\"font-weight: 400;\">Here, we&#039;re not looking for a &quot;great cosmic destiny,&quot; but rather a purpose that makes sense to you, that feels real and achievable.<\/p><p style=\"font-weight: 400;\"><strong>\u00a0<\/strong><\/p><p style=\"font-weight: 400;\"><strong>In this therapy you will be able to:<\/strong><\/p><p style=\"font-weight: 400;\">\u2714 Discover a deeper meaning in your life without the pressure of finding \u201cthe perfect purpose.\u201d<\/p><p style=\"font-weight: 400;\">\u2714 Clarify your goals and aspirations from an authentic place, without external expectations.<\/p><p style=\"font-weight: 400;\">\u2714 Identify your internal strengths and resources to use them to your advantage.<\/p><p style=\"font-weight: 400;\">\u2714 Address mental and emotional blocks that keep you in uncertainty or paralysis.<\/p><p style=\"font-weight: 400;\">It&#039;s not about finding the definitive answer, but about learning to live with intention and meaning.<\/p><p style=\"font-weight: 400;\"><strong>Do you want to stop feeling adrift?<\/strong><\/p><p style=\"font-weight: 400;\">If you want to begin a process of self-exploration and growth, I&#039;m here to guide you. You don&#039;t have to find all the answers today, but you can begin to build them.<\/p>\t\t\t\t\t\t\t\t<\/div>\n\t\t\t\t<\/div>\n\t\t<div class=\"elementor-element elementor-element-4b79fb5c e-con-full e-flex e-con e-child\" data-id=\"4b79fb5c\" data-element_type=\"container\" data-e-type=\"container\">\n\t\t<div class=\"elementor-element elementor-element-40b8f9e6 e-con-full e-flex e-con e-child\" data-id=\"40b8f9e6\" data-element_type=\"container\" data-e-type=\"container\">\n\t\t\t\t<div class=\"elementor-element elementor-element-11098d8a elementor-tablet-align-right elementor-mobile-align-center elementor-widget elementor-widget-button\" data-id=\"11098d8a\" data-element_type=\"widget\" data-e-type=\"widget\" data-widget_type=\"button.default\">\n\t\t\t\t<div class=\"elementor-widget-container\">\n\t\t\t\t\t\t\t\t\t<div class=\"elementor-button-wrapper\">\n\t\t\t\t\t<a class=\"elementor-button elementor-button-link elementor-size-sm\" href=\"https:\/\/carolinadiazruiz.com\/en\/contacto\/\">\n\t\t\t\t\t\t<span class=\"elementor-button-content-wrapper\">\n\t\t\t\t\t\t\t\t\t<span class=\"elementor-button-text\">Take the first step<\/span>\n\t\t\t\t\t<\/span>\n\t\t\t\t\t<\/a>\n\t\t\t\t<\/div>\n\t\t\t\t\t\t\t\t<\/div>\n\t\t\t\t<\/div>\n\t\t\t\t<\/div>\n\t\t<div class=\"elementor-element elementor-element-2ec42f08 e-con-full e-flex e-con e-child\" data-id=\"2ec42f08\" data-element_type=\"container\" data-e-type=\"container\">\n\t\t\t\t<div class=\"elementor-element elementor-element-78210f9c elementor-widget elementor-widget-image\" data-id=\"78210f9c\" data-element_type=\"widget\" data-e-type=\"widget\" data-widget_type=\"image.default\">\n\t\t\t\t<div class=\"elementor-widget-container\">\n\t\t\t\t\t\t\t\t\t\t\t\t\t\t\t<img fetchpriority=\"high\" decoding=\"async\" width=\"356\" height=\"235\" src=\"https:\/\/carolinadiazruiz.com\/wp-content\/uploads\/2025\/08\/image-e1754378361273.png\" class=\"attachment-full size-full wp-image-871\" alt=\"Carolina D\u00edaz\" srcset=\"https:\/\/carolinadiazruiz.com\/wp-content\/uploads\/2025\/08\/image-e1754378361273.png 356w, https:\/\/carolinadiazruiz.com\/wp-content\/uploads\/2025\/08\/image-e1754378361273-300x198.png 300w, https:\/\/carolinadiazruiz.com\/wp-content\/uploads\/2025\/08\/image-e1754378361273-18x12.png 18w\" sizes=\"(max-width: 356px) 100vw, 356px\" \/>\t\t\t\t\t\t\t\t\t\t\t\t\t\t\t<\/div>\n\t\t\t\t<\/div>\n\t\t\t\t<div class=\"elementor-element elementor-element-8e5a96a elementor-widget elementor-widget-heading\" data-id=\"8e5a96a\" data-element_type=\"widget\" data-e-type=\"widget\" data-widget_type=\"heading.default\">\n\t\t\t\t<div class=\"elementor-widget-container\">\n\t\t\t\t\t<div class=\"elementor-heading-title elementor-size-default\">Psychologist<\/div>\t\t\t\t<\/div>\n\t\t\t\t<\/div>\n\t\t\t\t<\/div>\n\t\t\t\t<\/div>\n\t\t\t\t<\/div>\n\t\t\t\t\t<\/div>\n\t\t\t\t<\/div>\n\t\t\t\t<\/div>\n\t\t\t\t<\/div>","protected":false},"excerpt":{"rendered":"<p>\ud83d\udcbb Sentido y direcci\u00f3n a tu vida. Terapia para vivir con intenci\u00f3n y claridad \u00abEl prop\u00f3sito de la vida es una vida con prop\u00f3sito.\u00bb \u2013 Robert Byrne \u00a0 \u00bfSientes que est\u00e1s en pausa? A veces, la vida avanza sin que sintamos que realmente estamos viviendo. Nos hacemos preguntas profundas: \u00bfEsto es todo? \u00bfVoy en la [&hellip;]<\/p>\n","protected":false},"author":1,"featured_media":0,"parent":0,"menu_order":4,"comment_status":"closed","ping_status":"closed","template":"","meta":{"_joinchat":[],"footnotes":""},"class_list":["post-858","page","type-page","status-publish","hentry"],"yoast_head":"<!-- This site is optimized with the Yoast SEO plugin v27.4 - https:\/\/yoast.com\/product\/yoast-seo-wordpress\/ -->\n<title>Terapia de Sentido y Prop\u00f3sito - Carolina D\u00edaz Ruiz Psic\u00f3loga<\/title>\n<meta name=\"description\" content=\"Encuentra claridad y direcci\u00f3n en tu vida. Terapia para descubrir lo que te mueve y construir un prop\u00f3sito aut\u00e9ntico y alcanzable.\" \/>\n<meta name=\"robots\" content=\"index, follow, max-snippet:-1, max-image-preview:large, max-video-preview:-1\" \/>\n<link rel=\"canonical\" href=\"https:\/\/carolinadiazruiz.com\/en\/terapia-de-sentido-y-proposito\/\" \/>\n<meta property=\"og:locale\" content=\"en_US\" \/>\n<meta property=\"og:type\" content=\"article\" \/>\n<meta property=\"og:title\" content=\"Terapia de Sentido y Prop\u00f3sito - Carolina D\u00edaz Ruiz Psic\u00f3loga\" \/>\n<meta property=\"og:description\" content=\"Encuentra claridad y direcci\u00f3n en tu vida. Terapia para descubrir lo que te mueve y construir un prop\u00f3sito aut\u00e9ntico y alcanzable.\" \/>\n<meta property=\"og:url\" content=\"https:\/\/carolinadiazruiz.com\/en\/terapia-de-sentido-y-proposito\/\" \/>\n<meta property=\"og:site_name\" content=\"Carolina D\u00edaz Ruiz Psic\u00f3loga\" \/>\n<meta property=\"article:modified_time\" content=\"2025-08-19T09:40:35+00:00\" \/>\n<meta property=\"og:image\" content=\"https:\/\/carolinadiazruiz.com\/wp-content\/uploads\/2025\/08\/image-e1754378361273.png\" \/>\n<meta name=\"twitter:card\" content=\"summary_large_image\" \/>\n<script type=\"application\/ld+json\" class=\"yoast-schema-graph\">{\"@context\":\"https:\\\/\\\/schema.org\",\"@graph\":[{\"@type\":\"WebPage\",\"@id\":\"https:\\\/\\\/carolinadiazruiz.com\\\/terapia-de-sentido-y-proposito\\\/\",\"url\":\"https:\\\/\\\/carolinadiazruiz.com\\\/terapia-de-sentido-y-proposito\\\/\",\"name\":\"Terapia de Sentido y Prop\u00f3sito - Carolina D\u00edaz Ruiz Psic\u00f3loga\",\"isPartOf\":{\"@id\":\"https:\\\/\\\/carolinadiazruiz.com\\\/#website\"},\"primaryImageOfPage\":{\"@id\":\"https:\\\/\\\/carolinadiazruiz.com\\\/terapia-de-sentido-y-proposito\\\/#primaryimage\"},\"image\":{\"@id\":\"https:\\\/\\\/carolinadiazruiz.com\\\/terapia-de-sentido-y-proposito\\\/#primaryimage\"},\"thumbnailUrl\":\"https:\\\/\\\/carolinadiazruiz.com\\\/wp-content\\\/uploads\\\/2025\\\/08\\\/image-e1754378361273.png\",\"datePublished\":\"2025-08-05T07:05:33+00:00\",\"dateModified\":\"2025-08-19T09:40:35+00:00\",\"description\":\"Encuentra claridad y direcci\u00f3n en tu vida. Terapia para descubrir lo que te mueve y construir un prop\u00f3sito aut\u00e9ntico y alcanzable.\",\"breadcrumb\":{\"@id\":\"https:\\\/\\\/carolinadiazruiz.com\\\/terapia-de-sentido-y-proposito\\\/#breadcrumb\"},\"inLanguage\":\"en-US\",\"potentialAction\":[{\"@type\":\"ReadAction\",\"target\":[\"https:\\\/\\\/carolinadiazruiz.com\\\/terapia-de-sentido-y-proposito\\\/\"]}]},{\"@type\":\"ImageObject\",\"inLanguage\":\"en-US\",\"@id\":\"https:\\\/\\\/carolinadiazruiz.com\\\/terapia-de-sentido-y-proposito\\\/#primaryimage\",\"url\":\"https:\\\/\\\/carolinadiazruiz.com\\\/wp-content\\\/uploads\\\/2025\\\/08\\\/image-e1754378361273.png\",\"contentUrl\":\"https:\\\/\\\/carolinadiazruiz.com\\\/wp-content\\\/uploads\\\/2025\\\/08\\\/image-e1754378361273.png\"},{\"@type\":\"BreadcrumbList\",\"@id\":\"https:\\\/\\\/carolinadiazruiz.com\\\/terapia-de-sentido-y-proposito\\\/#breadcrumb\",\"itemListElement\":[{\"@type\":\"ListItem\",\"position\":1,\"name\":\"Inicio\",\"item\":\"https:\\\/\\\/carolinadiazruiz.com\\\/\"},{\"@type\":\"ListItem\",\"position\":2,\"name\":\"Terapia de Sentido y Prop\u00f3sito\"}]},{\"@type\":\"WebSite\",\"@id\":\"https:\\\/\\\/carolinadiazruiz.com\\\/#website\",\"url\":\"https:\\\/\\\/carolinadiazruiz.com\\\/\",\"name\":\"Carolina D\u00edaz Ruiz Psic\u00f3loga\",\"description\":\"Psic\u00f3loga online - Terapia online\",\"publisher\":{\"@id\":\"https:\\\/\\\/carolinadiazruiz.com\\\/#organization\"},\"potentialAction\":[{\"@type\":\"SearchAction\",\"target\":{\"@type\":\"EntryPoint\",\"urlTemplate\":\"https:\\\/\\\/carolinadiazruiz.com\\\/?s={search_term_string}\"},\"query-input\":{\"@type\":\"PropertyValueSpecification\",\"valueRequired\":true,\"valueName\":\"search_term_string\"}}],\"inLanguage\":\"en-US\"},{\"@type\":\"Organization\",\"@id\":\"https:\\\/\\\/carolinadiazruiz.com\\\/#organization\",\"name\":\"Carolina D\u00edaz Ruiz Psic\u00f3loga\",\"url\":\"https:\\\/\\\/carolinadiazruiz.com\\\/\",\"logo\":{\"@type\":\"ImageObject\",\"inLanguage\":\"en-US\",\"@id\":\"https:\\\/\\\/carolinadiazruiz.com\\\/#\\\/schema\\\/logo\\\/image\\\/\",\"url\":\"https:\\\/\\\/carolinadiazruiz.com\\\/wp-content\\\/uploads\\\/2025\\\/07\\\/01_Logo.png\",\"contentUrl\":\"https:\\\/\\\/carolinadiazruiz.com\\\/wp-content\\\/uploads\\\/2025\\\/07\\\/01_Logo.png\",\"width\":1619,\"height\":570,\"caption\":\"Carolina D\u00edaz Ruiz Psic\u00f3loga\"},\"image\":{\"@id\":\"https:\\\/\\\/carolinadiazruiz.com\\\/#\\\/schema\\\/logo\\\/image\\\/\"},\"sameAs\":[\"https:\\\/\\\/www.instagram.com\\\/carolinadiaz.psicologa\\\/\",\"https:\\\/\\\/www.linkedin.com\\\/in\\\/carolina-diaz-ruiz\\\/\"]}]}<\/script>\n<!-- \/ Yoast SEO plugin. -->","yoast_head_json":{"title":"Meaning and Purpose Therapy - Carolina D\u00edaz Ruiz, Psychologist","description":"Find clarity and direction in your life. Therapy to discover what moves you and build an authentic and achievable purpose.","robots":{"index":"index","follow":"follow","max-snippet":"max-snippet:-1","max-image-preview":"max-image-preview:large","max-video-preview":"max-video-preview:-1"},"canonical":"https:\/\/carolinadiazruiz.com\/en\/terapia-de-sentido-y-proposito\/","og_locale":"en_US","og_type":"article","og_title":"Terapia de Sentido y Prop\u00f3sito - Carolina D\u00edaz Ruiz Psic\u00f3loga","og_description":"Encuentra claridad y direcci\u00f3n en tu vida. Terapia para descubrir lo que te mueve y construir un prop\u00f3sito aut\u00e9ntico y alcanzable.","og_url":"https:\/\/carolinadiazruiz.com\/en\/terapia-de-sentido-y-proposito\/","og_site_name":"Carolina D\u00edaz Ruiz Psic\u00f3loga","article_modified_time":"2025-08-19T09:40:35+00:00","og_image":[{"url":"https:\/\/carolinadiazruiz.com\/wp-content\/uploads\/2025\/08\/image-e1754378361273.png","type":"","width":"","height":""}],"twitter_card":"summary_large_image","schema":{"@context":"https:\/\/schema.org","@graph":[{"@type":"WebPage","@id":"https:\/\/carolinadiazruiz.com\/terapia-de-sentido-y-proposito\/","url":"https:\/\/carolinadiazruiz.com\/terapia-de-sentido-y-proposito\/","name":"Meaning and Purpose Therapy - Carolina D\u00edaz Ruiz, Psychologist","isPartOf":{"@id":"https:\/\/carolinadiazruiz.com\/#website"},"primaryImageOfPage":{"@id":"https:\/\/carolinadiazruiz.com\/terapia-de-sentido-y-proposito\/#primaryimage"},"image":{"@id":"https:\/\/carolinadiazruiz.com\/terapia-de-sentido-y-proposito\/#primaryimage"},"thumbnailUrl":"https:\/\/carolinadiazruiz.com\/wp-content\/uploads\/2025\/08\/image-e1754378361273.png","datePublished":"2025-08-05T07:05:33+00:00","dateModified":"2025-08-19T09:40:35+00:00","description":"Find clarity and direction in your life. Therapy to discover what moves you and build an authentic and achievable purpose.","breadcrumb":{"@id":"https:\/\/carolinadiazruiz.com\/terapia-de-sentido-y-proposito\/#breadcrumb"},"inLanguage":"en-US","potentialAction":[{"@type":"ReadAction","target":["https:\/\/carolinadiazruiz.com\/terapia-de-sentido-y-proposito\/"]}]},{"@type":"ImageObject","inLanguage":"en-US","@id":"https:\/\/carolinadiazruiz.com\/terapia-de-sentido-y-proposito\/#primaryimage","url":"https:\/\/carolinadiazruiz.com\/wp-content\/uploads\/2025\/08\/image-e1754378361273.png","contentUrl":"https:\/\/carolinadiazruiz.com\/wp-content\/uploads\/2025\/08\/image-e1754378361273.png"},{"@type":"BreadcrumbList","@id":"https:\/\/carolinadiazruiz.com\/terapia-de-sentido-y-proposito\/#breadcrumb","itemListElement":[{"@type":"ListItem","position":1,"name":"Inicio","item":"https:\/\/carolinadiazruiz.com\/"},{"@type":"ListItem","position":2,"name":"Terapia de Sentido y Prop\u00f3sito"}]},{"@type":"WebSite","@id":"https:\/\/carolinadiazruiz.com\/#website","url":"https:\/\/carolinadiazruiz.com\/","name":"Carolina D\u00edaz Ruiz Psychologist","description":"Online psychologist - Online therapy","publisher":{"@id":"https:\/\/carolinadiazruiz.com\/#organization"},"potentialAction":[{"@type":"SearchAction","target":{"@type":"EntryPoint","urlTemplate":"https:\/\/carolinadiazruiz.com\/?s={search_term_string}"},"query-input":{"@type":"PropertyValueSpecification","valueRequired":true,"valueName":"search_term_string"}}],"inLanguage":"en-US"},{"@type":"Organization","@id":"https:\/\/carolinadiazruiz.com\/#organization","name":"Carolina D\u00edaz Ruiz Psychologist","url":"https:\/\/carolinadiazruiz.com\/","logo":{"@type":"ImageObject","inLanguage":"en-US","@id":"https:\/\/carolinadiazruiz.com\/#\/schema\/logo\/image\/","url":"https:\/\/carolinadiazruiz.com\/wp-content\/uploads\/2025\/07\/01_Logo.png","contentUrl":"https:\/\/carolinadiazruiz.com\/wp-content\/uploads\/2025\/07\/01_Logo.png","width":1619,"height":570,"caption":"Carolina D\u00edaz Ruiz Psic\u00f3loga"},"image":{"@id":"https:\/\/carolinadiazruiz.com\/#\/schema\/logo\/image\/"},"sameAs":["https:\/\/www.instagram.com\/carolinadiaz.psicologa\/","https:\/\/www.linkedin.com\/in\/carolina-diaz-ruiz\/"]}]}},"_links":{"self":[{"href":"https:\/\/carolinadiazruiz.com\/en\/wp-json\/wp\/v2\/pages\/858","targetHints":{"allow":["GET"]}}],"collection":[{"href":"https:\/\/carolinadiazruiz.com\/en\/wp-json\/wp\/v2\/pages"}],"about":[{"href":"https:\/\/carolinadiazruiz.com\/en\/wp-json\/wp\/v2\/types\/page"}],"author":[{"embeddable":true,"href":"https:\/\/carolinadiazruiz.com\/en\/wp-json\/wp\/v2\/users\/1"}],"replies":[{"embeddable":true,"href":"https:\/\/carolinadiazruiz.com\/en\/wp-json\/wp\/v2\/comments?post=858"}],"version-history":[{"count":20,"href":"https:\/\/carolinadiazruiz.com\/en\/wp-json\/wp\/v2\/pages\/858\/revisions"}],"predecessor-version":[{"id":1348,"href":"https:\/\/carolinadiazruiz.com\/en\/wp-json\/wp\/v2\/pages\/858\/revisions\/1348"}],"wp:attachment":[{"href":"https:\/\/carolinadiazruiz.com\/en\/wp-json\/wp\/v2\/media?parent=858"}],"curies":[{"name":"wp","href":"https:\/\/api.w.org\/{rel}","templated":true}]}}